{"id":36,"date":"2018-07-28T18:47:47","date_gmt":"2018-07-28T16:47:47","guid":{"rendered":"https:\/\/heimatmuseum-seckenheim.de\/cms\/?page_id=36"},"modified":"2021-01-15T16:56:47","modified_gmt":"2021-01-15T15:56:47","slug":"abteilungen","status":"publish","type":"page","link":"https:\/\/heimatmuseum-seckenheim.de\/cms\/abteilungen\/","title":{"rendered":"Das Museum"},"content":{"rendered":"<p>Das Heimatmuseum erstreckt sich mit einer Gesamtausstellungsfl\u00e4che von ca. 1000 qm \u00fcber 3 Stockwerke des alten b\u00e4uerlichen Haupthauses.<br \/>\nDazu kommen Stallungen, der ehemalige Heuboden, die Hofanlage und diverse Nebengeb\u00e4ude.<\/p>\n<p>In diesen befinden sich auf der Erdgeschossebene der &#8222;Uhrenraum&#8220; und im n\u00e4chsten Stockwerk der &#8222;Bankenraum&#8220;.<\/p>\n<p>Weiterhin stellen wir im Au\u00dfenbereich typische Ger\u00e4tschaften f\u00fcr die landwirtschaftlichen Nutzung aus; z.B. zu Tabakanbau und -verarbeitung und zu den Themenbereichen Bodenbearbeitung, Setzen, S\u00e4en, Wiegen&#8230;..<\/p>\n<p>Unsere neueste Abteilung befindet sich im 3. Obergeschoss und zeigt einige typische Arbeitspl\u00e4tze der Handwerker in vergangener Zeit.<\/p>\n<p>Die urspr\u00fcnglich zum Anwesen des Fr\u00e4nkischen Bauernhofs geh\u00f6rende Tabakscheuer dient heute als Wohnraum.<\/p>\n","protected":false},"excerpt":{"rendered":"<p>Das Heimatmuseum erstreckt sich mit einer Gesamtausstellungsfl\u00e4che von ca. 1000 qm \u00fcber 3 Stockwerke des alten b\u00e4uerlichen Haupthauses. Dazu kommen [&hellip;]<\/p>\n","protected":false},"author":1,"featured_media":0,"parent":0,"menu_order":0,"comment_status":"closed","ping_status":"closed","template":"","meta":{"ngg_post_thumbnail":0,"footnotes":""},"class_list":["post-36","page","type-page","status-publish","hentry"],"publishpress_future_workflow_manual_trigger":{"enabledWorkflows":[]},"_links":{"self":[{"href":"https:\/\/heimatmuseum-seckenheim.de\/cms\/wp-json\/wp\/v2\/pages\/36","targetHints":{"allow":["GET"]}}],"collection":[{"href":"https:\/\/heimatmuseum-seckenheim.de\/cms\/wp-json\/wp\/v2\/pages"}],"about":[{"href":"https:\/\/heimatmuseum-seckenheim.de\/cms\/wp-json\/wp\/v2\/types\/page"}],"author":[{"embeddable":true,"href":"https:\/\/heimatmuseum-seckenheim.de\/cms\/wp-json\/wp\/v2\/users\/1"}],"replies":[{"embeddable":true,"href":"https:\/\/heimatmuseum-seckenheim.de\/cms\/wp-json\/wp\/v2\/comments?post=36"}],"version-history":[{"count":8,"href":"https:\/\/heimatmuseum-seckenheim.de\/cms\/wp-json\/wp\/v2\/pages\/36\/revisions"}],"predecessor-version":[{"id":1018,"href":"https:\/\/heimatmuseum-seckenheim.de\/cms\/wp-json\/wp\/v2\/pages\/36\/revisions\/1018"}],"wp:attachment":[{"href":"https:\/\/heimatmuseum-seckenheim.de\/cms\/wp-json\/wp\/v2\/media?parent=36"}],"curies":[{"name":"wp","href":"https:\/\/api.w.org\/{rel}","templated":true}]}}